{"id":1078,"date":"2018-08-15T09:50:46","date_gmt":"2018-08-15T09:50:46","guid":{"rendered":"https:\/\/glaudiachestnut.website\/?page_id=1078"},"modified":"2022-02-25T10:22:46","modified_gmt":"2022-02-25T10:22:46","slug":"impressum","status":"publish","type":"page","link":"https:\/\/glaudiachestnut.website\/?page_id=1078","title":{"rendered":"Impressum"},"content":{"rendered":"<p>[et_pb_section fb_built=&#8221;1&#8243; inner_shadow=&#8221;on&#8221; fullwidth=&#8221;on&#8221; admin_label=&#8221;section&#8221; _builder_version=&#8221;3.22&#8243; background_color=&#8221;#2ea3f2&#8243; global_colors_info=&#8221;{}&#8221;][et_pb_fullwidth_header title=&#8221;Impressum&#8221; content_max_width=&#8221;none&#8221; admin_label=&#8221;Fullwidth Header&#8221; _builder_version=&#8221;4.0.11&#8243; background_color=&#8221;rgba(255, 255, 255, 0)&#8221; title_text_shadow_style=&#8221;preset2&#8243; title_text_shadow_color=&#8221;#000000&#8243; button_one_letter_spacing_hover=&#8221;0&#8243; button_two_letter_spacing_hover=&#8221;0&#8243; global_colors_info=&#8221;{}&#8221; button_one_text_size__hover_enabled=&#8221;off&#8221; button_two_text_size__hover_enabled=&#8221;off&#8221; button_one_text_color__hover_enabled=&#8221;off&#8221; button_two_text_color__hover_enabled=&#8221;off&#8221; button_one_border_width__hover_enabled=&#8221;off&#8221; button_two_border_width__hover_enabled=&#8221;off&#8221; button_one_border_color__hover_enabled=&#8221;off&#8221; button_two_border_color__hover_enabled=&#8221;off&#8221; button_one_border_radius__hover_enabled=&#8221;off&#8221; button_two_border_radius__hover_enabled=&#8221;off&#8221; button_one_letter_spacing__hover_enabled=&#8221;on&#8221; button_one_letter_spacing__hover=&#8221;0&#8243; button_two_letter_spacing__hover_enabled=&#8221;on&#8221; button_two_letter_spacing__hover=&#8221;0&#8243; button_one_bg_color__hover_enabled=&#8221;off&#8221; button_two_bg_color__hover_enabled=&#8221;off&#8221;][\/et_pb_fullwidth_header][\/et_pb_section][et_pb_section fb_built=&#8221;1&#8243; specialty=&#8221;on&#8221; admin_label=&#8221;section&#8221; _builder_version=&#8221;3.22&#8243; global_colors_info=&#8221;{}&#8221;][et_pb_column type=&#8221;3_4&#8243; specialty_columns=&#8221;3&#8243; _builder_version=&#8221;3.25&#8243; custom_padding=&#8221;|||&#8221; global_colors_info=&#8221;{}&#8221; custom_padding__hover=&#8221;|||&#8221;][et_pb_row_inner admin_label=&#8221;row_inner&#8221; _builder_version=&#8221;3.25&#8243; global_colors_info=&#8221;{}&#8221;][et_pb_column_inner saved_specialty_column_type=&#8221;3_4&#8243; _builder_version=&#8221;3.25&#8243; custom_padding=&#8221;|||&#8221; global_colors_info=&#8221;{}&#8221; custom_padding__hover=&#8221;|||&#8221;][et_pb_text admin_label=&#8221;Text&#8221; _builder_version=&#8221;3.27.4&#8243; background_size=&#8221;initial&#8221; background_position=&#8221;top_left&#8221; background_repeat=&#8221;repeat&#8221; use_border_color=&#8221;off&#8221; border_color=&#8221;#ffffff&#8221; border_style=&#8221;solid&#8221; global_colors_info=&#8221;{}&#8221;]<\/p>\n<p>d<\/p>\n<h2><\/h2>\n<p>Glaudia Chestnut<\/p>\n<p>Image Consulting<\/p>\n<p>Mayerhofen 2<\/p>\n<p>84529 Tittmoning<\/p>\n<p>GERMANY<\/p>\n<p>Tel: +49 (0) 175 7340212<\/p>\n<p>E-Mail: <a href=\"mailto:consulting@glaudiachestnut.com\"><u>consulting@glaudiachestnut.com<\/u><\/a><\/p>\n<p><a href=\"http:\/\/www.glaudiachestnut.com\/\"><u>www.glaudiachestnut.com<\/u><\/a><\/p>\n<p><a href=\"http:\/\/www.glaudiachestnut.de\/\"><u>www.glaudiachestnut.de<\/u><\/a><\/p>\n<p><strong>\u00a0<\/strong><\/p>\n<p><strong>Verantwortlich f\u00fcr den Inhalt<\/strong><\/p>\n<p>Glaudia Chestnut<\/p>\n<p><strong>Sitz des Unternehmens:<\/strong> Tittmoning<\/p>\n<p><strong>Gerichtsstand:<\/strong> D-83278 Traunstein<\/p>\n<p>&nbsp;<\/p>\n<p><strong>Datenschutz <\/strong><a href=\"https:\/\/glaudiachestnut.website\/?page_id=1083\"><u>Zur Datenschutzerkl\u00e4rung<\/u><\/a> <strong>Medienbetreuung, Konzeption Gestaltung und Programmierung: <\/strong>Kehrt Chestnut<\/p>\n<p><strong>\u00a0<\/strong><\/p>\n<p><strong>Urheberrechte<\/strong> Der Inhalt dieser Website ist urheberrechtlich gesch\u00fctzt. Die Bereitstellung von Inhalten und Bildmaterial dieser Website auf anderen Websites ist nur mit ausdr\u00fccklicher Genehmigung der Redaktion gestattet. Die auf dieser Website enthaltenen Angaben werden nach bestem Wissen erstellt und mit gro\u00dfer Sorgfalt auf ihre Richtigkeit \u00fcberpr\u00fcft. \u00a0 Trotzdem sind inhaltliche und sachliche Fehler nicht vollst\u00e4ndig auszuschlie\u00dfen. glaudiachestnut.com \u00fcbernimmt keinerlei Garantie und Haftung f\u00fcr die Richtigkeit, Aktualit\u00e4t und Vollst\u00e4ndigkeit der bereitgestellten Informationen. Alle Angaben sind ohne Gew\u00e4hr. Dies gilt auch f\u00fcr alle Links zu anderen URLs, die auf meiner Website genannt werden.<\/p>\n<p>&nbsp;<\/p>\n<p><strong>Bildnachweis<\/strong><\/p>\n<p>Janine Guldener, Katzbachstr. 8, 10965 Berlin, <a href=\"http:\/\/www.janine-guldener.com\/\"><u><\/u><\/a><u><a href=\"http:\/\/www.janine-guldener.com\">www.janine-guldener.com<\/a><\/u><\/p>\n<p><u><\/u><\/p>\n<p>Shutterstock<\/p>\n<p>&nbsp;<\/p>\n<p><strong> Online-Streitbeilegung gem\u00e4\u00df Art. 14 Abs. 1 ODR-VO:<\/strong> Die Europ\u00e4ische Kommission stellt eine Plattform zur Online-Streitbeilegung (OS) bereit, die Sie unter <u><a href=\"http:\/\/ec.europa.eu\/consumers\/odr\/\">http:\/\/ec.europa.eu\/consumers\/odr\/<\/a><\/u> finden.<\/p>\n<p><strong>\u00a0<\/strong><\/p>\n<p><strong>Haftung f\u00fcr Links <\/strong>Trotz sorgf\u00e4ltiger inhaltlicher Kontrolle \u00fcbernehme ich keine Haftung f\u00fcr die Inhalte externer Links. F\u00fcr den Inhalt der verlinkten Seiten sind ausschlie\u00dflich deren Betreiber verantwortlich.<\/p>\n<p><u><a href=\"http:\/\/www.disclaimer.de\/disclaimer.htm\">Haftungsausschluss | Disclaimer<\/a><\/u><\/p>\n<p>[\/et_pb_text][\/et_pb_column_inner][\/et_pb_row_inner][\/et_pb_column][et_pb_column type=&#8221;1_4&#8243; _builder_version=&#8221;3.25&#8243; custom_padding=&#8221;|||&#8221; global_colors_info=&#8221;{}&#8221; custom_padding__hover=&#8221;|||&#8221;][\/et_pb_column][\/et_pb_section]<\/p>\n","protected":false},"excerpt":{"rendered":"<p>d Glaudia Chestnut Image Consulting Mayerhofen 2 84529 Tittmoning GERMANY Tel: +49 (0) 175 7340212 E-Mail: consulting@glaudiachestnut.com www.glaudiachestnut.com www.glaudiachestnut.de \u00a0 Verantwortlich f\u00fcr den Inhalt Glaudia Chestnut Sitz des Unternehmens: Tittmoning Gerichtsstand: D-83278 Traunstein &nbsp; Datenschutz Zur Datenschutzerkl\u00e4rung Medienbetreuung, Konzeption Gestaltung und Programmierung: Kehrt Chestnut \u00a0 Urheberrechte Der Inhalt dieser Website ist urheberrechtlich gesch\u00fctzt. Die Bereitstellung [&hellip;]<\/p>\n","protected":false},"author":1,"featured_media":0,"parent":0,"menu_order":0,"comment_status":"closed","ping_status":"closed","template":"","meta":{"_et_pb_use_builder":"on","_et_pb_old_content":"","_et_gb_content_width":""},"_links":{"self":[{"href":"https:\/\/glaudiachestnut.website\/index.php?rest_route=\/wp\/v2\/pages\/1078"}],"collection":[{"href":"https:\/\/glaudiachestnut.website\/index.php?rest_route=\/wp\/v2\/pages"}],"about":[{"href":"https:\/\/glaudiachestnut.website\/index.php?rest_route=\/wp\/v2\/types\/page"}],"author":[{"embeddable":true,"href":"https:\/\/glaudiachestnut.website\/index.php?rest_route=\/wp\/v2\/users\/1"}],"replies":[{"embeddable":true,"href":"https:\/\/glaudiachestnut.website\/index.php?rest_route=%2Fwp%2Fv2%2Fcomments&post=1078"}],"version-history":[{"count":4,"href":"https:\/\/glaudiachestnut.website\/index.php?rest_route=\/wp\/v2\/pages\/1078\/revisions"}],"predecessor-version":[{"id":1347,"href":"https:\/\/glaudiachestnut.website\/index.php?rest_route=\/wp\/v2\/pages\/1078\/revisions\/1347"}],"wp:attachment":[{"href":"https:\/\/glaudiachestnut.website\/index.php?rest_route=%2Fwp%2Fv2%2Fmedia&parent=1078"}],"curies":[{"name":"wp","href":"https:\/\/api.w.org\/{rel}","templated":true}]}}