{"id":378,"date":"2016-07-15T11:38:09","date_gmt":"2016-07-15T11:38:09","guid":{"rendered":"https:\/\/glaudiachestnut.website\/?page_id=378"},"modified":"2022-02-28T10:31:25","modified_gmt":"2022-02-28T10:31:25","slug":"etiquette","status":"publish","type":"page","link":"https:\/\/glaudiachestnut.website\/?page_id=378","title":{"rendered":"Etiquette"},"content":{"rendered":"<p>[et_pb_section fb_built=&#8221;1&#8243; fullwidth=&#8221;on&#8221; admin_label=&#8221;section&#8221; module_id=&#8221;backgrounds&#8221; _builder_version=&#8221;3.22&#8243; parallax=&#8221;on&#8221; global_colors_info=&#8221;{}&#8221;][et_pb_fullwidth_slider admin_label=&#8221;Fullwidth Slider&#8221; _builder_version=&#8221;4.14.7&#8243; parallax=&#8221;on&#8221; custom_padding=&#8221;|||&#8221; custom_padding_tablet=&#8221;|||&#8221; custom_padding_phone=&#8221;|||&#8221; box_shadow_style=&#8221;preset6&#8243; box_shadow_blur=&#8221;10px&#8221; box_shadow_color=&#8221;rgba(0,0,0,0.1)&#8221; remove_inner_shadow=&#8221;off&#8221; hide_content_on_mobile=&#8221;off&#8221; hide_cta_on_mobile=&#8221;off&#8221; show_inner_shadow=&#8221;on&#8221; button_letter_spacing_hover=&#8221;0&#8243; global_colors_info=&#8221;{}&#8221; button_text_size__hover_enabled=&#8221;off&#8221; button_one_text_size__hover_enabled=&#8221;off&#8221; button_two_text_size__hover_enabled=&#8221;off&#8221; button_text_color__hover_enabled=&#8221;off&#8221; button_one_text_color__hover_enabled=&#8221;off&#8221; button_two_text_color__hover_enabled=&#8221;off&#8221; button_border_width__hover_enabled=&#8221;off&#8221; button_one_border_width__hover_enabled=&#8221;off&#8221; button_two_border_width__hover_enabled=&#8221;off&#8221; button_border_color__hover_enabled=&#8221;off&#8221; button_one_border_color__hover_enabled=&#8221;off&#8221; button_two_border_color__hover_enabled=&#8221;off&#8221; button_border_radius__hover_enabled=&#8221;off&#8221; button_one_border_radius__hover_enabled=&#8221;off&#8221; button_two_border_radius__hover_enabled=&#8221;off&#8221; button_letter_spacing__hover_enabled=&#8221;on&#8221; button_letter_spacing__hover=&#8221;0&#8243; button_one_letter_spacing__hover_enabled=&#8221;off&#8221; button_two_letter_spacing__hover_enabled=&#8221;off&#8221; button_bg_color__hover_enabled=&#8221;off&#8221; button_one_bg_color__hover_enabled=&#8221;off&#8221; button_two_bg_color__hover_enabled=&#8221;off&#8221;][et_pb_slide heading=&#8221;Wissen, das Ihrem ersten Eindruck helfen wird&#8221; image=&#8221;https:\/\/glaudiachestnut.website\/wp-content\/uploads\/2017\/03\/ChestnutLogo_etiquette@3x-2.jpg&#8221; use_bg_overlay=&#8221;off&#8221; use_text_overlay=&#8221;off&#8221; _builder_version=&#8221;4.14.7&#8243; header_font=&#8221;||||&#8221; body_font=&#8221;||||&#8221; background_color=&#8221;#ffffff&#8221; background_image=&#8221;https:\/\/glaudiachestnut.website\/wp-content\/uploads\/2016\/07\/meeting-people-big.jpg&#8221; button_icon_placement=&#8221;right&#8221; button_on_hover=&#8221;on&#8221; global_colors_info=&#8221;{}&#8221; button_text_size__hover_enabled=&#8221;off&#8221; button_one_text_size__hover_enabled=&#8221;off&#8221; button_two_text_size__hover_enabled=&#8221;off&#8221; button_text_color__hover_enabled=&#8221;off&#8221; button_one_text_color__hover_enabled=&#8221;off&#8221; button_two_text_color__hover_enabled=&#8221;off&#8221; button_border_width__hover_enabled=&#8221;off&#8221; button_one_border_width__hover_enabled=&#8221;off&#8221; button_two_border_width__hover_enabled=&#8221;off&#8221; button_border_color__hover_enabled=&#8221;off&#8221; button_one_border_color__hover_enabled=&#8221;off&#8221; button_two_border_color__hover_enabled=&#8221;off&#8221; button_border_radius__hover_enabled=&#8221;off&#8221; button_one_border_radius__hover_enabled=&#8221;off&#8221; button_two_border_radius__hover_enabled=&#8221;off&#8221; button_letter_spacing__hover_enabled=&#8221;off&#8221; button_one_letter_spacing__hover_enabled=&#8221;off&#8221; button_two_letter_spacing__hover_enabled=&#8221;off&#8221; button_bg_color__hover_enabled=&#8221;off&#8221; button_one_bg_color__hover_enabled=&#8221;off&#8221; button_two_bg_color__hover_enabled=&#8221;off&#8221; sticky_transition=&#8221;on&#8221;][\/et_pb_slide][\/et_pb_fullwidth_slider][\/et_pb_section][et_pb_section fb_built=&#8221;1&#8243; fullwidth=&#8221;on&#8221; custom_padding_last_edited=&#8221;on|desktop&#8221; admin_label=&#8221;Section&#8221; _builder_version=&#8221;4.14.7&#8243; background_color=&#8221;#ffffff&#8221; background_image=&#8221;https:\/\/glaudiachestnut.website\/wp-content\/uploads\/2017\/08\/small-COOL-blue-black-turqoise.jpg&#8221; parallax=&#8221;on&#8221; parallax_method=&#8221;off&#8221; custom_padding_tablet=&#8221;50px|0|50px|0&#8243; custom_padding_phone=&#8221;&#8221; hover_enabled=&#8221;0&#8243; transparent_background=&#8221;off&#8221; padding_mobile=&#8221;off&#8221; make_fullwidth=&#8221;off&#8221; use_custom_width=&#8221;off&#8221; width_unit=&#8221;on&#8221; global_colors_info=&#8221;{}&#8221; sticky_enabled=&#8221;0&#8243;][et_pb_fullwidth_header title=&#8221;Knigge&#8221; subhead=&#8221;Gutes Benehmen ist mehr, als korrekt mit dem Besteck zu hantieren. Erfahren Sie bei meinem Knigge-Training, welche Etikette-Regeln heute gelten und wie Sie sich stilsicher und souver\u00e4n auf jedem gesellschaftlichen Parkett bewegen. Ob Small-Talk, Begr\u00fc\u00dfung, Vorstellung, Bekanntmachen und K\u00f6rpersprache&#8230; Exzellentes Benehmen soll nat\u00fcrlich sein. Wenn Sie n\u00e4mlich eine Rolle spielen, spielen Sie keine Rolle mehr.&#8221; text_orientation=&#8221;center&#8221; content_max_width=&#8221;none&#8221; title_font_color=&#8221;#04008c&#8221; subhead_font_color=&#8221;#040091&#8243; content_font_color=&#8221;#6000e8&#8243; admin_label=&#8221;Fullwidth Header&#8221; _builder_version=&#8221;4.14.7&#8243; title_text_color=&#8221;#FFFFFF&#8221; title_font_size=&#8221;40px&#8221; content_text_color=&#8221;#6000e8&#8243; subhead_text_color=&#8221;#FFFFFF&#8221; subhead_font_size=&#8221;25px&#8221; background_color=&#8221;rgba(255, 255, 255, 0)&#8221; background_enable_image=&#8221;off&#8221; parallax=&#8221;on&#8221; background_layout=&#8221;light&#8221; button_one_letter_spacing_hover=&#8221;0&#8243; button_two_letter_spacing_hover=&#8221;0&#8243; background_url=&#8221;https:\/\/glaudiachestnut.website\/wp-content\/uploads\/2016\/07\/simple_img_4abcde.jpg&#8221; global_colors_info=&#8221;{}&#8221; button_one_text_size__hover_enabled=&#8221;off&#8221; button_two_text_size__hover_enabled=&#8221;off&#8221; button_one_text_color__hover_enabled=&#8221;off&#8221; button_two_text_color__hover_enabled=&#8221;off&#8221; button_one_border_width__hover_enabled=&#8221;off&#8221; button_two_border_width__hover_enabled=&#8221;off&#8221; button_one_border_color__hover_enabled=&#8221;off&#8221; button_two_border_color__hover_enabled=&#8221;off&#8221; button_one_border_radius__hover_enabled=&#8221;off&#8221; button_two_border_radius__hover_enabled=&#8221;off&#8221; button_one_letter_spacing__hover_enabled=&#8221;on&#8221; button_one_letter_spacing__hover=&#8221;0&#8243; button_two_letter_spacing__hover_enabled=&#8221;on&#8221; button_two_letter_spacing__hover=&#8221;0&#8243; button_one_bg_color__hover_enabled=&#8221;off&#8221; button_two_bg_color__hover_enabled=&#8221;off&#8221;][\/et_pb_fullwidth_header][\/et_pb_section][et_pb_section fb_built=&#8221;1&#8243; custom_padding_last_edited=&#8221;on|desktop&#8221; admin_label=&#8221;section&#8221; _builder_version=&#8221;3.22&#8243; background_color=&#8221;#ffffff&#8221; custom_padding_tablet=&#8221;50px|0|50px|0&#8243; custom_padding_phone=&#8221;50px|0|50px|0&#8243; transparent_background=&#8221;off&#8221; padding_mobile=&#8221;off&#8221; make_fullwidth=&#8221;off&#8221; use_custom_width=&#8221;off&#8221; width_unit=&#8221;on&#8221; global_colors_info=&#8221;{}&#8221;][et_pb_row column_structure=&#8221;1_2,1_2&#8243; admin_label=&#8221;row&#8221; _builder_version=&#8221;3.25&#8243; background_size=&#8221;initial&#8221; background_position=&#8221;top_left&#8221; background_repeat=&#8221;repeat&#8221; global_colors_info=&#8221;{}&#8221;][et_pb_column type=&#8221;1_2&#8243; _builder_version=&#8221;3.25&#8243; custom_padding=&#8221;|||&#8221; global_colors_info=&#8221;{}&#8221; custom_padding__hover=&#8221;|||&#8221;][et_pb_text admin_label=&#8221;Text&#8221; _builder_version=&#8221;4.14.7&#8243; background_size=&#8221;initial&#8221; background_position=&#8221;top_left&#8221; background_repeat=&#8221;repeat&#8221; use_border_color=&#8221;off&#8221; border_color=&#8221;#ffffff&#8221; border_style=&#8221;solid&#8221; global_colors_info=&#8221;{}&#8221;]<\/p>\n<h2>Die Herausforderung<strong><\/strong><\/h2>\n<p>Damit das t\u00e4gliche Miteinander auf Dauer funktioniert, kommt es auf brauchbare Formen an. Wir k\u00f6nnen sie auch konkrete Spielregeln nennen, die den Alltag erleichtern. Gute Umgangsformen sind von gegenseitiger Achtung, Freundlichkeit und Respekt gepr\u00e4gt. Sie erfordern Fingerspitzengef\u00fchl und eine gezielte Beobachtung: Wo befinde ich mich und wer ist mein Gegen\u00fcber?<\/p>\n<p>Wenn Sie sich f\u00fcr einen Arbeitsplatz bewerben und zum Vorstellungsgespr\u00e4ch eingeladen sind, geht es heute nicht mehr nur um Ihre fachlichen Qualifikationen. Es geht um die Frage, ob Sie sich auch in schwierigen Situationen stilvoll verhalten k\u00f6nnen. Ihre emotionale Intelligenz und soziale Kompetenz sind gefragt.<\/p>\n<p>Auch zu Tisch sind gute Manieren ein absolutes Muss. K\u00f6nnen Sie dies bei einem Abendessen mit dem Chef oder dem Business-Lunch mit dem Kunden unter Beweis stellen? K\u00f6nnen Sie zeigen, dass Sie gelernt haben, entspannt und kultiviert zu essen?<\/p>\n<p>[\/et_pb_text][\/et_pb_column][et_pb_column type=&#8221;1_2&#8243; _builder_version=&#8221;3.25&#8243; custom_padding=&#8221;|||&#8221; global_colors_info=&#8221;{}&#8221; custom_padding__hover=&#8221;|||&#8221;][et_pb_text admin_label=&#8221;Text&#8221; _builder_version=&#8221;4.14.7&#8243; background_size=&#8221;initial&#8221; background_position=&#8221;top_left&#8221; background_repeat=&#8221;repeat&#8221; use_border_color=&#8221;off&#8221; border_color=&#8221;#ffffff&#8221; border_style=&#8221;solid&#8221; global_colors_info=&#8221;{}&#8221;]<\/p>\n<h2>Die L\u00f6sung<\/h2>\n<p>Mein Knigge-Training f\u00fcr Sie. Gutes Benehmen ist mir seit meiner Jugend wichtig und sogar zu einer Leidenschaft geworden. Meine Reise in die Welt der Umgangsformen begann, als ich 19 Jahre alt war. Mein Vater schenkte mir ein Buch von Rainer W\u00e4lde, \u201eDeutschlands Knigge-Experten Nr. 1\u201c (Management Circle). Bei ihm machte ich meine Ausbildung und Lizenzierung zum Knigge-Trainer.<\/p>\n<p>Wenn Sie sich selbstsicher auf dem gesellschaftlichen Parkett bewegen m\u00f6chten, m\u00fcssen Sie das Einmaleins des guten Tons beherrschen. Erfahren Sie von mir die aktuellen Regeln des guten Benehmens.<\/p>\n<p>Mit perfekten Umgangsformen und korrektem Verhalten k\u00f6nnen Sie die eigenen Chancen im beruflichen und sozialen Miteinander deutlich verbessern. Ich helfe Ihnen, diese grundlegenden und oft unausgesprochenen Erwartungen an Sie in Ihrem Arbeitsumfeld zu erf\u00fcllen. Denn im beruflichen Miteinander kommt es mehr und mehr auf ein souver\u00e4nes Auftreten an. Wenn Sie hier die Regeln kennen und diese beherzigen, werden Sie erfolgreicher sein und entspannter Ihr Ziel erreichen.<\/p>\n<p>Das gilt selbstverst\u00e4ndlich auch beim Business-Lunch oder Galadinner. Exzellente Manieren sind gefragt. Lernen Sie von mir die aktuellen Regeln der Tischkultur kennen. So meistern Sie auch schwierige Situationen zu Tisch.<\/p>\n<p>[\/et_pb_text][\/et_pb_column][\/et_pb_row][\/et_pb_section][et_pb_section fb_built=&#8221;1&#8243; custom_padding_last_edited=&#8221;on|desktop&#8221; admin_label=&#8221;Section&#8221; _builder_version=&#8221;4.14.7&#8243; background_color=&#8221;#ffffff&#8221; background_image=&#8221;https:\/\/glaudiachestnut.website\/wp-content\/uploads\/2017\/08\/small-COOL-blue-black-turqoise.jpg&#8221; parallax=&#8221;on&#8221; custom_padding_tablet=&#8221;50px|0|50px|0&#8243; custom_padding_phone=&#8221;50px|0|50px|0&#8243; transparent_background=&#8221;off&#8221; padding_mobile=&#8221;off&#8221; make_fullwidth=&#8221;off&#8221; use_custom_width=&#8221;off&#8221; width_unit=&#8221;on&#8221; global_colors_info=&#8221;{}&#8221;][et_pb_row admin_label=&#8221;Row&#8221; _builder_version=&#8221;3.25&#8243; background_size=&#8221;initial&#8221; background_position=&#8221;top_left&#8221; background_repeat=&#8221;repeat&#8221; global_colors_info=&#8221;{}&#8221;][et_pb_column type=&#8221;4_4&#8243; _builder_version=&#8221;3.25&#8243; custom_padding=&#8221;|||&#8221; global_colors_info=&#8221;{}&#8221; custom_padding__hover=&#8221;|||&#8221;][et_pb_text admin_label=&#8221;Text&#8221; _builder_version=&#8221;4.14.7&#8243; text_font_size=&#8221;30&#8243; background_size=&#8221;initial&#8221; background_position=&#8221;top_left&#8221; background_repeat=&#8221;repeat&#8221; text_orientation=&#8221;center&#8221; background_layout=&#8221;dark&#8221; module_alignment=&#8221;center&#8221; use_border_color=&#8221;off&#8221; border_color=&#8221;#ffffff&#8221; border_style=&#8221;solid&#8221; global_colors_info=&#8221;{}&#8221;]<\/p>\n<p>&#8220;Wenn Sie die Regeln des guten Tons kennen, werden Sie erfolgreicher sein.&#8221;<\/p>\n<p>[\/et_pb_text][\/et_pb_column][\/et_pb_row][\/et_pb_section]<\/p>\n","protected":false},"excerpt":{"rendered":"<p>Die Herausforderung Damit das t\u00e4gliche Miteinander auf Dauer funktioniert, kommt es auf brauchbare Formen an. Wir k\u00f6nnen sie auch konkrete Spielregeln nennen, die den Alltag erleichtern. Gute Umgangsformen sind von gegenseitiger Achtung, Freundlichkeit und Respekt gepr\u00e4gt. Sie erfordern Fingerspitzengef\u00fchl und eine gezielte Beobachtung: Wo befinde ich mich und wer ist mein Gegen\u00fcber? Wenn Sie sich [&hellip;]<\/p>\n","protected":false},"author":1,"featured_media":0,"parent":0,"menu_order":0,"comment_status":"closed","ping_status":"closed","template":"","meta":{"_et_pb_use_builder":"on","_et_pb_old_content":"","_et_gb_content_width":""},"_links":{"self":[{"href":"https:\/\/glaudiachestnut.website\/index.php?rest_route=\/wp\/v2\/pages\/378"}],"collection":[{"href":"https:\/\/glaudiachestnut.website\/index.php?rest_route=\/wp\/v2\/pages"}],"about":[{"href":"https:\/\/glaudiachestnut.website\/index.php?rest_route=\/wp\/v2\/types\/page"}],"author":[{"embeddable":true,"href":"https:\/\/glaudiachestnut.website\/index.php?rest_route=\/wp\/v2\/users\/1"}],"replies":[{"embeddable":true,"href":"https:\/\/glaudiachestnut.website\/index.php?rest_route=%2Fwp%2Fv2%2Fcomments&post=378"}],"version-history":[{"count":4,"href":"https:\/\/glaudiachestnut.website\/index.php?rest_route=\/wp\/v2\/pages\/378\/revisions"}],"predecessor-version":[{"id":1381,"href":"https:\/\/glaudiachestnut.website\/index.php?rest_route=\/wp\/v2\/pages\/378\/revisions\/1381"}],"wp:attachment":[{"href":"https:\/\/glaudiachestnut.website\/index.php?rest_route=%2Fwp%2Fv2%2Fmedia&parent=378"}],"curies":[{"name":"wp","href":"https:\/\/api.w.org\/{rel}","templated":true}]}}